{"id":98,"date":"2022-07-11T10:40:45","date_gmt":"2022-07-11T08:40:45","guid":{"rendered":"https:\/\/henriklaustsen.dk\/?page_id=98"},"modified":"2022-07-27T09:01:18","modified_gmt":"2022-07-27T07:01:18","slug":"forside-banner","status":"publish","type":"page","link":"https:\/\/henriklaustsen.dk\/?page_id=98","title":{"rendered":"Forside &#8211; Banner"},"content":{"rendered":"\n<figure class=\"wp-block-image size-full is-style-default\"><img loading=\"lazy\" decoding=\"async\" width=\"1024\" height=\"771\" src=\"https:\/\/henriklaustsen.dk\/wp-content\/uploads\/2022\/07\/Banner_Overview_Small.jpg\" alt=\"3 h\u00f8jtidsbannere\" class=\"wp-image-157\" srcset=\"https:\/\/henriklaustsen.dk\/wp-content\/uploads\/2022\/07\/Banner_Overview_Small.jpg 1024w, https:\/\/henriklaustsen.dk\/wp-content\/uploads\/2022\/07\/Banner_Overview_Small-300x226.jpg 300w, https:\/\/henriklaustsen.dk\/wp-content\/uploads\/2022\/07\/Banner_Overview_Small-768x578.jpg 768w, https:\/\/henriklaustsen.dk\/wp-content\/uploads\/2022\/07\/Banner_Overview_Small-508x381.jpg 508w\" sizes=\"auto, (max-width: 1024px) 100vw, 1024px\" \/><figcaption>3 h\u00f8jtidsbannere<\/figcaption><\/figure>\n\n\n\n<figure class=\"wp-block-image size-large\"><img loading=\"lazy\" decoding=\"async\" width=\"1024\" height=\"683\" src=\"https:\/\/henriklaustsen.dk\/wp-content\/uploads\/2022\/07\/D71_3407-1024x683.jpg\" alt=\"\" class=\"wp-image-99\" srcset=\"https:\/\/henriklaustsen.dk\/wp-content\/uploads\/2022\/07\/D71_3407-1024x683.jpg 1024w, https:\/\/henriklaustsen.dk\/wp-content\/uploads\/2022\/07\/D71_3407-300x200.jpg 300w, https:\/\/henriklaustsen.dk\/wp-content\/uploads\/2022\/07\/D71_3407-768x512.jpg 768w, https:\/\/henriklaustsen.dk\/wp-content\/uploads\/2022\/07\/D71_3407-1536x1024.jpg 1536w, https:\/\/henriklaustsen.dk\/wp-content\/uploads\/2022\/07\/D71_3407-2048x1365.jpg 2048w\" sizes=\"auto, (max-width: 1024px) 100vw, 1024px\" \/><figcaption>Gudstjeneste i skoven<\/figcaption><\/figure>\n\n\n\n<p style=\"font-size:24px\"><strong>Historik og erfaringer:<\/strong><\/p>\n\n\n\n<p>I Tolne\/Mosbjerg sogn har vi v\u00e6ret pilotprojekt for Danmarks Kirkelige Mediecenters nye materiale B\u00f8rnetjenesten, som er et tilbud til et samarbejde mellem b\u00f8rnehaver og kirken. Materialet henvender sig til den \u00e6ldste b\u00f8rnegruppe i b\u00f8rnehaverne, og det inviterer til refleksion over livets store sp\u00f8rgsm\u00e5l med udgangspunkt i kirke\u00e5rets 6 fester\/h\u00f8jtider: H\u00f8st, allerhelgen, jul, fastelavn, p\u00e5ske og pinse. Nu er arbejdet blevet en del af kirkens faste aktiviteter, og vi samarbejder med alle pastoratets b\u00f8rnehaver.<\/p>\n\n\n\n<p>Det blev hurtigt klart for os, at langt de fleste af b\u00f8rnene aldrig havde h\u00f8rt juleevangeliet og ikke vidste, hvem Jesus var. Vi konkluderede, at det ogs\u00e5 gjaldt p\u00e5ske og pinse.<\/p>\n\n\n\n<p>Vi har nu tilpasset brugen af materialet, s\u00e5 det passer til os. Udfordringen er helt klart billed- og musikdelen, derfor er vi g\u00e5et i gang med selv at arbejde p\u00e5 is\u00e6r billedsiden.  Dette har resulteret i fremstillingen af transportable bannere, der illustrerer julens, p\u00e5skens og pinsens beretninger. De transportable bannere er lette at stille op og tage ned. Bannerne anvendes nu b\u00e5de i forbindelsen med b\u00f8rnetjenesten, familiegudstjenester, b\u00f8rnekonfirmander, konfirmander, gudstjenester i det fri og som udsmykning i kirke og sognehus.<\/p>\n\n\n\n<p>Det er vigtigt for os, at b\u00f8rnene kan huske julens, p\u00e5skens og pinsens beretninger. Hvis det skal lykkes, skal de h\u00f8re beretningerne mange gange og p\u00e5 forskellig m\u00e5de og sammen med mange relevante aktiviteter. Fordelen ved bannerne er, at hele historien fastholdes, mens vi taler og evt. synger om den. Vores erfaring er, at det hj\u00e6lper de mindste med at holde koncentrationen.<\/p>\n\n\n\n<p>Materialet indeholder ideer til, hvordan bannerne kan anvendes i arbejdet med forskellige aldersgrupper. Der er ogs\u00e5 henvisninger til de bibeltekster, som billederne refererer til. Yderligere har vi givet ideer til hvilke salmer, der kan inddrages. Materialet er suppleret med en lang r\u00e6kke sort\/hvid tegninger. Tegningerne kan farvel\u00e6gges og indeholder ogs\u00e5 opgaveark.<\/p>\n\n\n\n<p>Materialet er udarbejdet af tegner og grafiker Hakon Lund Jensen i samarbejde med Henrik Laustsen. Tak til sognepr\u00e6st Lise Munk S\u00f8rensen Tolne\/Mosbjerg , kirke-kulturmedarbejder Johanna N\u00f8rholm Rischel Tolne\/Mosbjerg og Grethe Nyeng Havnh\u00f8j kirke-kulturmedarbejder L\u00e6s\u00f8 for deres gode respons p\u00e5 arbejdet.<\/p>\n\n\n\n<p><strong>Form\u00e5let med bannerne:<\/strong><\/p>\n\n\n\n<ul class=\"wp-block-list\"><li>At b\u00f8rn og unge bliver fortrolige med julens, p\u00e5skens og pinsens beretninger.<\/li><li>At b\u00f8rn og unge kender og forst\u00e5r de symboler, der knytter sig til beretningerne, s\u00e5 de kan anvende dem til fortolkning og forst\u00e5else af b\u00e5de tekster og salmer.<\/li><li>At kunne forbinde beretningerne med salmer.<\/li><li>At f\u00e5 kendskab til beretningernes mulige betydninger og tolkninger gennem sp\u00f8rgsm\u00e5l og salmer.<\/li><\/ul>\n\n\n\n<div class=\"wp-block-buttons is-layout-flex wp-block-buttons-is-layout-flex\">\n<div class=\"wp-block-button\"><a class=\"wp-block-button__link has-medium-gray-background-color has-background\" href=\"https:\/\/henriklaustsen.dk\/?page_id=98\" style=\"border-radius:0px\">Top<\/a><\/div>\n\n\n\n<div class=\"wp-block-button\"><a class=\"wp-block-button__link has-medium-gray-background-color has-background\" href=\"https:\/\/henriklaustsen.dk\/?page_id=143\" style=\"border-radius:0px\">Kontakt<\/a><\/div>\n<\/div>\n\n\n\n<div style=\"height:20px\" aria-hidden=\"true\" class=\"wp-block-spacer\"><\/div>\n\n\n\n<div class=\"wp-block-columns is-layout-flex wp-container-core-columns-is-layout-9d6595d7 wp-block-columns-is-layout-flex\">\n<div class=\"wp-block-column is-layout-flow wp-block-column-is-layout-flow\">\n<div class=\"wp-block-buttons is-layout-flex wp-block-buttons-is-layout-flex\">\n<div class=\"wp-block-button\"><a class=\"wp-block-button__link has-background\" href=\"https:\/\/henriklaustsen.dk\/?page_id=124\" style=\"background-color:#b7147e\">Jul<\/a><\/div>\n<\/div>\n<\/div>\n\n\n\n<div class=\"wp-block-column is-layout-flow wp-block-column-is-layout-flow\">\n<div class=\"wp-block-buttons is-layout-flex wp-block-buttons-is-layout-flex\">\n<div class=\"wp-block-button\"><a class=\"wp-block-button__link has-background\" href=\"https:\/\/henriklaustsen.dk\/?page_id=117\" style=\"background-color:#7cd637\">P\u00e5ske<\/a><\/div>\n<\/div>\n<\/div>\n\n\n\n<div class=\"wp-block-column is-layout-flow wp-block-column-is-layout-flow\">\n<div class=\"wp-block-buttons is-layout-flex wp-block-buttons-is-layout-flex\">\n<div class=\"wp-block-button\"><a class=\"wp-block-button__link has-background\" href=\"https:\/\/henriklaustsen.dk\/?page_id=101\" style=\"background-color:#25b487\">Pinse<\/a><\/div>\n<\/div>\n<\/div>\n<\/div>\n","protected":false},"excerpt":{"rendered":"<p>Historik og erfaringer: I Tolne\/Mosbjerg sogn har vi v\u00e6ret pilotprojekt for Danmarks Kirkelige Mediecenters nye materiale B\u00f8rnetjenesten, som er et<\/p>\n<p><a href=\"https:\/\/henriklaustsen.dk\/?page_id=98\" class=\"more-link\">Continue reading<span class=\"screen-reader-text\">Forside &#8211; Banner<\/span><\/a><\/p>\n","protected":false},"author":1,"featured_media":0,"parent":0,"menu_order":0,"comment_status":"closed","ping_status":"closed","template":"templates\/full-width-page.php","meta":{"footnotes":""},"class_list":["post-98","page","type-page","status-publish","hentry"],"_links":{"self":[{"href":"https:\/\/henriklaustsen.dk\/index.php?rest_route=\/wp\/v2\/pages\/98","targetHints":{"allow":["GET"]}}],"collection":[{"href":"https:\/\/henriklaustsen.dk\/index.php?rest_route=\/wp\/v2\/pages"}],"about":[{"href":"https:\/\/henriklaustsen.dk\/index.php?rest_route=\/wp\/v2\/types\/page"}],"author":[{"embeddable":true,"href":"https:\/\/henriklaustsen.dk\/index.php?rest_route=\/wp\/v2\/users\/1"}],"replies":[{"embeddable":true,"href":"https:\/\/henriklaustsen.dk\/index.php?rest_route=%2Fwp%2Fv2%2Fcomments&post=98"}],"version-history":[{"count":15,"href":"https:\/\/henriklaustsen.dk\/index.php?rest_route=\/wp\/v2\/pages\/98\/revisions"}],"predecessor-version":[{"id":208,"href":"https:\/\/henriklaustsen.dk\/index.php?rest_route=\/wp\/v2\/pages\/98\/revisions\/208"}],"wp:attachment":[{"href":"https:\/\/henriklaustsen.dk\/index.php?rest_route=%2Fwp%2Fv2%2Fmedia&parent=98"}],"curies":[{"name":"wp","href":"https:\/\/api.w.org\/{rel}","templated":true}]}}