{"id":124,"date":"2022-07-11T11:43:40","date_gmt":"2022-07-11T09:43:40","guid":{"rendered":"https:\/\/henriklaustsen.dk\/?page_id=124"},"modified":"2022-07-27T09:01:45","modified_gmt":"2022-07-27T07:01:45","slug":"julebanner","status":"publish","type":"page","link":"https:\/\/henriklaustsen.dk\/?page_id=124","title":{"rendered":"Julebanner"},"content":{"rendered":"\n<figure class=\"wp-block-image size-large is-resized\"><img loading=\"lazy\" decoding=\"async\" src=\"https:\/\/henriklaustsen.dk\/wp-content\/uploads\/2022\/07\/Jul-rollup_2048-453x1024.jpg\" alt=\"\" class=\"wp-image-164\" width=\"722\" height=\"1632\" srcset=\"https:\/\/henriklaustsen.dk\/wp-content\/uploads\/2022\/07\/Jul-rollup_2048-453x1024.jpg 453w, https:\/\/henriklaustsen.dk\/wp-content\/uploads\/2022\/07\/Jul-rollup_2048-133x300.jpg 133w, https:\/\/henriklaustsen.dk\/wp-content\/uploads\/2022\/07\/Jul-rollup_2048-768x1736.jpg 768w, https:\/\/henriklaustsen.dk\/wp-content\/uploads\/2022\/07\/Jul-rollup_2048-680x1536.jpg 680w, https:\/\/henriklaustsen.dk\/wp-content\/uploads\/2022\/07\/Jul-rollup_2048.jpg 906w\" sizes=\"auto, (max-width: 722px) 100vw, 722px\" \/><\/figure>\n\n\n\n<p>Banneret er af typen &#8220;Roll-Up&#8221; og kan derfor st\u00e5 af sig selv. Det er 85 cm bredt og 200 cm h\u00f8jt og trykt p\u00e5 500 g\/m<sup>2<\/sup> PVC. Vejer omkring 5 kg og leveres med taske.<\/p>\n\n\n\n<p><strong>Forslag til anvendelse af julebanneret:<\/strong><\/p>\n\n\n\n<p>Forslagene til anvendelse tager udgangspunkt i f\u00f8lgende kategorier: Fort\u00e6llingen, g\u00e5 p\u00e5 opdagelse, viden, symboler, fortolkning og undren. Anvendelsen afh\u00e6nger selvf\u00f8lgelig af b\u00f8rnenes alder.<\/p>\n\n\n\n<p><strong>B\u00f8rn:<\/strong><\/p>\n\n\n\n<ul class=\"wp-block-list\"><li>Som baggrund n\u00e5r juleevangeliet fort\u00e6lles<\/li><li>Fors\u00f8g at pege p\u00e5 billederne, mens juleevangeliet l\u00e6ses op<\/li><li>Fort\u00e6l selv hele juleevangeliet med udgangspunkt i billederne<\/li><li>Hvordan fort\u00e6ller de forskellige b\u00f8rnebibler historien?<\/li><li>Fort\u00e6l alt I ved om et af billederne<\/li><li>G\u00e5 selv p\u00e5 opdagelse i julebanneret<\/li><li>Kan I finde stjernen over Betlehem?<\/li><li>Kan I finde engle, f\u00e5r, stjerner, tr\u00e6er og lignende.<\/li><li>Hvem er personerne p\u00e5 billederne?<\/li><li>Hvor boede kejser Augustus, og hvad ved I om ham?<\/li><li>Hvor ligger Betlehem, er det en stor by i dag?<\/li><li>Hvad mon folket\u00e6llingen betyder?<\/li><li>Har alle mennesker h\u00f8rt om Jesu f\u00f8dsel?<\/li><li>Er der noget I synes er m\u00e6rkeligt, eller som I undrer jer over?<\/li><li>Hvad symboliserer rosen?<\/li><\/ul>\n\n\n\n<p><strong>Konfirmander og unge:<\/strong><\/p>\n\n\n\n<ul class=\"wp-block-list\"><li>Som baggrund n\u00e5r juleevangeliet fort\u00e6lles<\/li><li>Fort\u00e6l juleevangeliet med jeres egne ord. Anvend billederne fort\u00e6llingen. Fik I det hele med, eller mangler der noget?<\/li><li>V\u00e6lg p\u00e5 skift et billede og fort\u00e6l alt, I ved om billedet.<\/li><li>G\u00e5 p\u00e5 opdagelse i billederne<\/li><li>Hvad er et symbol? Hvilke symboler kan I finde og hvad betyder de?<\/li><li>Hvilken betydning har juleevangeliet?<\/li><li>Er det sket i virkeligheden eller\u2026.<\/li><li>Er der noget, I synes er m\u00e6rkeligt, eller som I undrer jer over?<\/li><li>Hvordan vil I selv illustrere og fortolke historien<\/li><li>Kan I finde kunstbilleder, der illustrerer juleevangeliet, og hvilken forskel g\u00f8r det?<\/li><\/ul>\n\n\n\n<p><strong>Voksne:<\/strong><\/p>\n\n\n\n<ul class=\"wp-block-list\"><li>Som udsmykning eller baggrund ved andagter og gudstjenester p\u00e5 plejehjem og sygehuse.<\/li><li>Som udsmykning i sogneg\u00e5rde, v\u00e5benhuse og kirker i julem\u00e5neden<\/li><li>I m\u00f8det mellem b\u00f8rn og voksne i julem\u00e5neden, hvor der er mulighed for samtale.<\/li><\/ul>\n\n\n\n<p>En historie kan fort\u00e6lles p\u00e5 mange m\u00e5der. B\u00e5de af b\u00f8rnene selv, gennem forskellige bibelovers\u00e6ttelse og salmer. B\u00f8rnene kan m\u00f8de bannerne\/billedfort\u00e6llingerne igen ved andre begivenheder i kirken.<\/p>\n\n\n\n<p><\/p>\n\n\n\n<div class=\"wp-block-buttons is-layout-flex wp-block-buttons-is-layout-flex\">\n<div class=\"wp-block-button has-custom-width wp-block-button__width-25 is-style-fill\"><a class=\"wp-block-button__link has-medium-gray-background-color has-background\" href=\"https:\/\/henriklaustsen.dk\/?page_id=98\" style=\"border-radius:0px\">Forside<\/a><\/div>\n\n\n\n<div class=\"wp-block-button has-custom-width wp-block-button__width-25 is-style-fill\"><a class=\"wp-block-button__link has-medium-gray-background-color has-background\" href=\"https:\/\/henriklaustsen.dk\/?page_id=143\" style=\"border-radius:0px\">Kontakt<\/a><\/div>\n<\/div>\n\n\n\n<div class=\"wp-block-buttons is-layout-flex wp-block-buttons-is-layout-flex\">\n<div class=\"wp-block-button is-style-fill\"><a class=\"wp-block-button__link has-background\" href=\"https:\/\/henriklaustsen.dk\/?page_id=124\" style=\"background-color:#bc3780\">Top<\/a><\/div>\n\n\n\n<div class=\"wp-block-button is-style-fill\"><a class=\"wp-block-button__link has-background\" href=\"https:\/\/henriklaustsen.dk\/?page_id=117\" style=\"background-color:#87ce3f\">P\u00e5ske<\/a><\/div>\n\n\n\n<div class=\"wp-block-button is-style-fill\"><a class=\"wp-block-button__link has-background\" href=\"https:\/\/henriklaustsen.dk\/?page_id=101\" style=\"background-color:#27c17d\">Pinse<\/a><\/div>\n<\/div>\n","protected":false},"excerpt":{"rendered":"<p>Banneret er af typen &#8220;Roll-Up&#8221; og kan derfor st\u00e5 af sig selv. Det er 85 cm bredt og 200 cm<\/p>\n<p><a href=\"https:\/\/henriklaustsen.dk\/?page_id=124\" class=\"more-link\">Continue reading<span class=\"screen-reader-text\">Julebanner<\/span><\/a><\/p>\n","protected":false},"author":1,"featured_media":0,"parent":98,"menu_order":0,"comment_status":"closed","ping_status":"closed","template":"templates\/full-width-page.php","meta":{"footnotes":""},"class_list":["post-124","page","type-page","status-publish","hentry"],"_links":{"self":[{"href":"https:\/\/henriklaustsen.dk\/index.php?rest_route=\/wp\/v2\/pages\/124","targetHints":{"allow":["GET"]}}],"collection":[{"href":"https:\/\/henriklaustsen.dk\/index.php?rest_route=\/wp\/v2\/pages"}],"about":[{"href":"https:\/\/henriklaustsen.dk\/index.php?rest_route=\/wp\/v2\/types\/page"}],"author":[{"embeddable":true,"href":"https:\/\/henriklaustsen.dk\/index.php?rest_route=\/wp\/v2\/users\/1"}],"replies":[{"embeddable":true,"href":"https:\/\/henriklaustsen.dk\/index.php?rest_route=%2Fwp%2Fv2%2Fcomments&post=124"}],"version-history":[{"count":6,"href":"https:\/\/henriklaustsen.dk\/index.php?rest_route=\/wp\/v2\/pages\/124\/revisions"}],"predecessor-version":[{"id":209,"href":"https:\/\/henriklaustsen.dk\/index.php?rest_route=\/wp\/v2\/pages\/124\/revisions\/209"}],"up":[{"embeddable":true,"href":"https:\/\/henriklaustsen.dk\/index.php?rest_route=\/wp\/v2\/pages\/98"}],"wp:attachment":[{"href":"https:\/\/henriklaustsen.dk\/index.php?rest_route=%2Fwp%2Fv2%2Fmedia&parent=124"}],"curies":[{"name":"wp","href":"https:\/\/api.w.org\/{rel}","templated":true}]}}