{"id":117,"date":"2022-07-11T11:39:39","date_gmt":"2022-07-11T09:39:39","guid":{"rendered":"https:\/\/henriklaustsen.dk\/?page_id=117"},"modified":"2022-07-27T09:02:02","modified_gmt":"2022-07-27T07:02:02","slug":"paaskebanner","status":"publish","type":"page","link":"https:\/\/henriklaustsen.dk\/?page_id=117","title":{"rendered":"P\u00e5skebanner"},"content":{"rendered":"\n<figure class=\"wp-block-image size-large is-resized\"><img loading=\"lazy\" decoding=\"async\" src=\"https:\/\/henriklaustsen.dk\/wp-content\/uploads\/2022\/07\/Paaske_ROLLUPP_2048-451x1024.jpg\" alt=\"\" class=\"wp-image-165\" width=\"715\" height=\"1623\" srcset=\"https:\/\/henriklaustsen.dk\/wp-content\/uploads\/2022\/07\/Paaske_ROLLUPP_2048-451x1024.jpg 451w, https:\/\/henriklaustsen.dk\/wp-content\/uploads\/2022\/07\/Paaske_ROLLUPP_2048-132x300.jpg 132w\" sizes=\"auto, (max-width: 715px) 100vw, 715px\" \/><\/figure>\n\n\n\n<p>Banneret er af typen &#8220;Roll-Up&#8221; og kan derfor st\u00e5 af sig selv. Det er 85 cm bredt og 200 cm h\u00f8jt og trykt p\u00e5 500 g\/m<sup>2<\/sup> PVC. Vejer omkring 5 kg og leveres med taske.<\/p>\n\n\n\n<p><strong>Forslag til anvendelse af p\u00e5skebanneret:<\/strong><\/p>\n\n\n\n<p>Forslagene til anvendelse tager udgangspunkt i f\u00f8lgende kategorier: Fort\u00e6llingen, g\u00e5 p\u00e5 opdagelse, viden, symboler, fortolkning og undren.<\/p>\n\n\n\n<p><strong>B\u00f8rn:<\/strong><\/p>\n\n\n\n<ul class=\"wp-block-list\"><li>Som baggrund, n\u00e5r p\u00e5skeberetningen fort\u00e6lles<\/li><li>Fors\u00f8g at pege p\u00e5 billederne, mens beretningen l\u00e6ses op<\/li><li>Hvem er personerne p\u00e5 billederne?<\/li><li>Hvad ved I om personerne?<\/li><li>Fort\u00e6l alt I ved om et af billederne<\/li><li>Fors\u00f8g at fort\u00e6lle hele historien<\/li><li>Hvordan fort\u00e6ller de forskellige b\u00f8rnebibler historien?<\/li><li>G\u00e5 p\u00e5 opdagelse i p\u00e5skebanneret<\/li><li>Kan I finde en engel, et lam, en hane, et br\u00f8d, noget vin, en tornekrone, &#8230;<\/li><li>Hvorfor er der p\u00e5skeliljer p\u00e5 banneret?<\/li><li>Hvem er personerne?<\/li><li>Hvad ved I om Barabbas?<\/li><li>Hvad er et symbol?<\/li><li>Hvilke symboler er der p\u00e5 banneret og hvad betyder de?<\/li><\/ul>\n\n\n\n<p><strong>Konfirmander og unge:<\/strong><\/p>\n\n\n\n<ul class=\"wp-block-list\"><li>Som baggrund n\u00e5r p\u00e5skeberetningen fort\u00e6lles<\/li><li>Fort\u00e6l p\u00e5skeberetningen med jeres egne ord. Anvend billederne i fort\u00e6llingen. Fik I det hele med, eller mangler der noget?<\/li><li>V\u00e6lg p\u00e5 skift et billede og fort\u00e6l alt, I ved om billedet.<\/li><li>Hvad er et symbol? Hvilke symboler kan I finde og hvad betyder de?<\/li><li>Hvilke salmer kender I, som knytter sig til p\u00e5skeliljen, lammet, tornekronen osv.<\/li><li>Kan man synge hele p\u00e5skeberetningen?<\/li><li>Hvilken betydning har p\u00e5skeberetningen?<\/li><li>Er det sket i virkeligheden eller\u2026.<\/li><li>Er der noget, I synes er m\u00e6rkeligt, eller som I undrer jer over?<\/li><li>Hvordan vil I selv illustrere og fortolke historien<\/li><li>Kan I finde kunstbilleder, der illustrerer p\u00e5skeberetningen, og hvilken forskel g\u00f8r det?<\/li><\/ul>\n\n\n\n<p><strong>Voksne:<\/strong><\/p>\n\n\n\n<ul class=\"wp-block-list\"><li>Som udsmykning eller baggrund ved andagter og gudstjenester p\u00e5 plejehjem og sygehuse.<\/li><li>Som udsmykning i sogneg\u00e5rde, v\u00e5benhuse og kirker til p\u00e5ske<\/li><li>I m\u00f8det mellem b\u00f8rn og voksne i p\u00e5sken, hvor der er mulighed for samtale.<\/li><li>I kirken i forbindelse med pr\u00e6dikenen<\/li><\/ul>\n\n\n\n<p>En historie kan fort\u00e6lles p\u00e5 mange m\u00e5der. B\u00e5de af b\u00f8rnene selv, gennem forskellige bibelovers\u00e6ttelse og salmer. B\u00f8rnene kan m\u00f8de bannerne\/billedfort\u00e6llingerne igen ved andre begivenheder i kirken.<\/p>\n\n\n\n<p style=\"font-size:24px\"><strong>Fotos til brug for B\u00f8rnetjenesten til P\u00e5ske.<\/strong><\/p>\n\n\n\n<p>Til anvendelse ved hver af de tre h\u00f8jtider stiller vi nogle fotos til r\u00e5dighed som supplement til dem som kan hentes hos B\u00f8rnetjenesten. De kan downloades herunder.<\/p>\n\n\n\n<p>Billederne kan frit og gratis anvendes indenfor kirkelige aktiviteter &#8230;&#8230;.<\/p>\n\n\n\n<figure class=\"wp-block-image size-full is-style-default\"><img loading=\"lazy\" decoding=\"async\" width=\"1024\" height=\"175\" src=\"https:\/\/henriklaustsen.dk\/wp-content\/uploads\/2022\/07\/Paaske_Overview_Small.jpg\" alt=\"\" class=\"wp-image-185\" srcset=\"https:\/\/henriklaustsen.dk\/wp-content\/uploads\/2022\/07\/Paaske_Overview_Small.jpg 1024w, https:\/\/henriklaustsen.dk\/wp-content\/uploads\/2022\/07\/Paaske_Overview_Small-300x51.jpg 300w, https:\/\/henriklaustsen.dk\/wp-content\/uploads\/2022\/07\/Paaske_Overview_Small-768x131.jpg 768w\" sizes=\"auto, (max-width: 1024px) 100vw, 1024px\" \/><figcaption>Eksempler p\u00e5 billeder til P\u00e5ske<\/figcaption><\/figure>\n\n\n\n<div class=\"wp-block-file\"><a id=\"wp-block-file--media-12911120-eb72-461f-873b-d43593cc09a5\" href=\"https:\/\/henriklaustsen.dk\/wp-content\/uploads\/2022\/07\/billede.png\">Download billeder til P\u00e5ske<\/a><\/div>\n\n\n\n<div class=\"wp-block-buttons is-layout-flex wp-block-buttons-is-layout-flex\">\n<div class=\"wp-block-button has-custom-width wp-block-button__width-25\"><a class=\"wp-block-button__link has-medium-gray-background-color has-background\" href=\"https:\/\/henriklaustsen.dk\/?page_id=98\" style=\"border-radius:0px\">Forside<\/a><\/div>\n\n\n\n<div class=\"wp-block-button has-custom-width wp-block-button__width-25\"><a class=\"wp-block-button__link has-medium-gray-background-color has-background\" href=\"https:\/\/henriklaustsen.dk\/?page_id=143\" style=\"border-radius:0px\">Kontakt<\/a><\/div>\n<\/div>\n\n\n\n<div class=\"wp-block-buttons is-layout-flex wp-block-buttons-is-layout-flex\">\n<div class=\"wp-block-button is-style-fill\"><a class=\"wp-block-button__link has-background\" href=\"https:\/\/henriklaustsen.dk\/?page_id=124\" style=\"background-color:#c43a85\">Jul<\/a><\/div>\n\n\n\n<div class=\"wp-block-button is-style-fill\"><a class=\"wp-block-button__link has-background\" href=\"https:\/\/henriklaustsen.dk\/?page_id=117\" style=\"background-color:#57d44b\">Top<\/a><\/div>\n\n\n\n<div class=\"wp-block-button is-style-fill\"><a class=\"wp-block-button__link has-background\" href=\"https:\/\/henriklaustsen.dk\/?page_id=101\" style=\"background-color:#34c2aa\">Pinse<\/a><\/div>\n<\/div>\n","protected":false},"excerpt":{"rendered":"<p>Banneret er af typen &#8220;Roll-Up&#8221; og kan derfor st\u00e5 af sig selv. Det er 85 cm bredt og 200 cm<\/p>\n<p><a href=\"https:\/\/henriklaustsen.dk\/?page_id=117\" class=\"more-link\">Continue reading<span class=\"screen-reader-text\">P\u00e5skebanner<\/span><\/a><\/p>\n","protected":false},"author":1,"featured_media":0,"parent":98,"menu_order":0,"comment_status":"closed","ping_status":"closed","template":"templates\/full-width-page.php","meta":{"footnotes":""},"class_list":["post-117","page","type-page","status-publish","hentry"],"_links":{"self":[{"href":"https:\/\/henriklaustsen.dk\/index.php?rest_route=\/wp\/v2\/pages\/117","targetHints":{"allow":["GET"]}}],"collection":[{"href":"https:\/\/henriklaustsen.dk\/index.php?rest_route=\/wp\/v2\/pages"}],"about":[{"href":"https:\/\/henriklaustsen.dk\/index.php?rest_route=\/wp\/v2\/types\/page"}],"author":[{"embeddable":true,"href":"https:\/\/henriklaustsen.dk\/index.php?rest_route=\/wp\/v2\/users\/1"}],"replies":[{"embeddable":true,"href":"https:\/\/henriklaustsen.dk\/index.php?rest_route=%2Fwp%2Fv2%2Fcomments&post=117"}],"version-history":[{"count":9,"href":"https:\/\/henriklaustsen.dk\/index.php?rest_route=\/wp\/v2\/pages\/117\/revisions"}],"predecessor-version":[{"id":210,"href":"https:\/\/henriklaustsen.dk\/index.php?rest_route=\/wp\/v2\/pages\/117\/revisions\/210"}],"up":[{"embeddable":true,"href":"https:\/\/henriklaustsen.dk\/index.php?rest_route=\/wp\/v2\/pages\/98"}],"wp:attachment":[{"href":"https:\/\/henriklaustsen.dk\/index.php?rest_route=%2Fwp%2Fv2%2Fmedia&parent=117"}],"curies":[{"name":"wp","href":"https:\/\/api.w.org\/{rel}","templated":true}]}}