{"id":101,"date":"2022-07-11T11:20:26","date_gmt":"2022-07-11T09:20:26","guid":{"rendered":"https:\/\/henriklaustsen.dk\/?page_id=101"},"modified":"2022-07-27T09:02:29","modified_gmt":"2022-07-27T07:02:29","slug":"pinse-banner","status":"publish","type":"page","link":"https:\/\/henriklaustsen.dk\/?page_id=101","title":{"rendered":"Pinsebanner"},"content":{"rendered":"\n<figure class=\"wp-block-image size-large is-resized\"><img loading=\"lazy\" decoding=\"async\" src=\"https:\/\/henriklaustsen.dk\/wp-content\/uploads\/2022\/07\/Pinse_ROLLUPP_2048-454x1024.jpg\" alt=\"\" class=\"wp-image-166\" width=\"715\" height=\"1613\" srcset=\"https:\/\/henriklaustsen.dk\/wp-content\/uploads\/2022\/07\/Pinse_ROLLUPP_2048-454x1024.jpg 454w, https:\/\/henriklaustsen.dk\/wp-content\/uploads\/2022\/07\/Pinse_ROLLUPP_2048-133x300.jpg 133w, https:\/\/henriklaustsen.dk\/wp-content\/uploads\/2022\/07\/Pinse_ROLLUPP_2048-768x1734.jpg 768w, https:\/\/henriklaustsen.dk\/wp-content\/uploads\/2022\/07\/Pinse_ROLLUPP_2048.jpg 907w\" sizes=\"auto, (max-width: 715px) 100vw, 715px\" \/><\/figure>\n\n\n\n<p>Banneret er af typen &#8220;Roll-Up&#8221; og kan derfor st\u00e5 af sig selv. Det er 85 cm bredt og 200 cm h\u00f8jt og trykt p\u00e5 500 g\/m<sup>2<\/sup> PVC. Vejer omkring 5 kg og leveres med taske.<\/p>\n\n\n\n<p style=\"font-size:24px\"><strong>Forslag til anvendelse af pinsebanneret:<\/strong><\/p>\n\n\n\n<p>Forslagene til anvendelse tager udgangspunkt i f\u00f8lgende kategorier: Fort\u00e6llingen, g\u00e5 p\u00e5 opdagelse, viden, symboler, fortolkning og undren.<\/p>\n\n\n\n<p><strong>B\u00f8rn:<\/strong><\/p>\n\n\n\n<ul class=\"wp-block-list\"><li>Som baggrund, n\u00e5r pinseberetningen fort\u00e6lles<\/li><li>Fors\u00f8g at pege p\u00e5 billederne, mens beretningen l\u00e6ses op<\/li><li>Hvem er personerne p\u00e5 billederne?<\/li><li>Hvad ved I om personerne?<\/li><li>Fort\u00e6l alt I ved om et af billederne<\/li><li>Fors\u00f8g at fort\u00e6lle hele historien<\/li><li>Hvordan fort\u00e6ller de forskellige b\u00f8rnebibler historien?<\/li><li>G\u00e5 p\u00e5 opdagelse i pinsebanneret<\/li><li>Kan I finde duen, pinseliljen, rosen\u2026<\/li><li>Hvad er et symbol?<\/li><li>Hvilke symboler er der p\u00e5 banneret og hvad betyder de?<\/li><li>Hvorfor tror I, der er en sol til sidst p\u00e5 banneret?<\/li><\/ul>\n\n\n\n<p><strong>Konfirmander og unge:<\/strong><\/p>\n\n\n\n<ul class=\"wp-block-list\"><li>Som baggrund n\u00e5r pinseberetningen fort\u00e6lles<\/li><li>Hvem er personerne p\u00e5 billederne?<\/li><li>Hvad ved I om personerne?<\/li><li>Fort\u00e6l pinseberetningen med jeres egne ord. Anvend billederne i fort\u00e6llingen. Fik I det hele med, eller mangler der noget?<\/li><li>V\u00e6lg p\u00e5 skift et billede og fort\u00e6l alt, I ved om billedet.<\/li><li>Hvad er et symbol? Hvilke symboler kan I finde, og hvad betyder de?<\/li><li>Hvilken salme knytter sig afslutningen p\u00e5 banneret?<\/li><li>Hvilken betydning har pinseberetningen?<\/li><li>Er det sket i virkeligheden eller\u2026.<\/li><li>Er der noget, I synes er m\u00e6rkeligt, eller som I undrer jer over?<\/li><li>Hvordan vil I selv illustrere og fortolke historien<\/li><li>Kan I finde kunstbilleder, der illustrerer pinseberetningen, og hvilken forskel g\u00f8r det?<\/li><\/ul>\n\n\n\n<p><strong>Voksne:<\/strong><\/p>\n\n\n\n<ul class=\"wp-block-list\"><li>Som udsmykning eller baggrund ved andagter og gudstjenester p\u00e5 plejehjem og sygehuse.<\/li><li>Som udsmykning i sogneg\u00e5rde, v\u00e5benhuse og kirker til pinse<\/li><li>I m\u00f8det mellem b\u00f8rn og voksne i pinsen, hvor der er mulighed for samtale.<\/li><li>I kirken i forbindelse med pr\u00e6dikenen<\/li><\/ul>\n\n\n\n<p>En historie kan fort\u00e6lles p\u00e5 mange m\u00e5der. B\u00e5de af b\u00f8rnene selv, gennem forskellige bibelovers\u00e6ttelse og salmer. B\u00f8rnene kan m\u00f8de bannerne\/billedfort\u00e6llingerne igen ved andre begivenheder i kirken.<\/p>\n\n\n\n<hr class=\"wp-block-separator has-alpha-channel-opacity\"\/>\n\n\n\n<p style=\"font-size:24px\"><strong>Forslag til salmer og bibeltekster.<\/strong><\/p>\n\n\n\n<p>Her kan du finde nogle forslag til salmer og bibeltekster i relation til pinsebanneret. Dette er kun forslag og der findes uden tvivl andre muligheder.<\/p>\n\n\n\n<figure class=\"wp-block-image size-large\"><img loading=\"lazy\" decoding=\"async\" width=\"1024\" height=\"156\" src=\"https:\/\/henriklaustsen.dk\/wp-content\/uploads\/2022\/07\/Pinse_salmer-1024x156.jpg\" alt=\"\" class=\"wp-image-133\" srcset=\"https:\/\/henriklaustsen.dk\/wp-content\/uploads\/2022\/07\/Pinse_salmer-1024x156.jpg 1024w, https:\/\/henriklaustsen.dk\/wp-content\/uploads\/2022\/07\/Pinse_salmer-300x46.jpg 300w, https:\/\/henriklaustsen.dk\/wp-content\/uploads\/2022\/07\/Pinse_salmer-768x117.jpg 768w, https:\/\/henriklaustsen.dk\/wp-content\/uploads\/2022\/07\/Pinse_salmer.jpg 1270w\" sizes=\"auto, (max-width: 1024px) 100vw, 1024px\" \/><figcaption>Eksempel p\u00e5 forslag<\/figcaption><\/figure>\n\n\n\n<p><\/p>\n\n\n\n<div class=\"wp-block-file\"><a id=\"wp-block-file--media-a3314f09-5e81-4973-9401-2b1708d3c6bd\" href=\"https:\/\/henriklaustsen.dk\/wp-content\/uploads\/2022\/07\/Salmer_Til_PINSEBANNER_skema.pdf\">Forslag til pinsebanner &#8211; salmer og bibelcitater<\/a><a href=\"https:\/\/henriklaustsen.dk\/wp-content\/uploads\/2022\/07\/Salmer_Til_PINSEBANNER_skema.pdf\" class=\"wp-block-file__button\" download aria-describedby=\"wp-block-file--media-a3314f09-5e81-4973-9401-2b1708d3c6bd\">Download<\/a><\/div>\n\n\n\n<div style=\"height:7px\" aria-hidden=\"true\" class=\"wp-block-spacer\"><\/div>\n\n\n\n<hr class=\"wp-block-separator has-alpha-channel-opacity\"\/>\n\n\n\n<p style=\"font-size:24px\"><strong>Tegninger til farvel\u00e6gning og opgaver til b\u00f8rnene<\/strong>.<\/p>\n\n\n\n<p>Til hvert banner kan vi levere tegninger til farvel\u00e6gning fra motiverne p\u00e5 banneret samt opgaver relateret til h\u00f8jtiden. Der findes ligeledes opgaver og tegninger til generel anvendelse. Disse tegninger kan downloades nedenfor eller fremsendes ved henvendelse. Der vises kun nogle f\u00e5 eksempler. Til Pinse er der 11 farvel\u00e6gningstegninger og 3 opgaver.<\/p>\n\n\n\n<figure class=\"wp-block-image size-full\"><img loading=\"lazy\" decoding=\"async\" width=\"1024\" height=\"201\" src=\"https:\/\/henriklaustsen.dk\/wp-content\/uploads\/2022\/07\/Pinse_Tegning_Overview_Small.jpg\" alt=\"\" class=\"wp-image-158\" srcset=\"https:\/\/henriklaustsen.dk\/wp-content\/uploads\/2022\/07\/Pinse_Tegning_Overview_Small.jpg 1024w, https:\/\/henriklaustsen.dk\/wp-content\/uploads\/2022\/07\/Pinse_Tegning_Overview_Small-300x59.jpg 300w, https:\/\/henriklaustsen.dk\/wp-content\/uploads\/2022\/07\/Pinse_Tegning_Overview_Small-768x151.jpg 768w\" sizes=\"auto, (max-width: 1024px) 100vw, 1024px\" \/><figcaption>Eksempler p\u00e5 farvel\u00e6gningstegninger til Pinse.<\/figcaption><\/figure>\n\n\n\n<div class=\"wp-block-file\"><a id=\"wp-block-file--media-b5627590-b713-4bcb-87c7-b4cb9816a2fd\" href=\"https:\/\/henriklaustsen.dk\/wp-content\/uploads\/2022\/07\/Overview_Test.jpg\">Tegninger til Pinse<\/a><a href=\"https:\/\/henriklaustsen.dk\/wp-content\/uploads\/2022\/07\/Overview_Test.jpg\" class=\"wp-block-file__button\" download aria-describedby=\"wp-block-file--media-b5627590-b713-4bcb-87c7-b4cb9816a2fd\">Download<\/a><\/div>\n\n\n\n<div class=\"wp-block-file\"><a id=\"wp-block-file--media-a9562ba0-02a7-4414-9834-648dc5fea7db\" href=\"https:\/\/henriklaustsen.dk\/wp-content\/uploads\/2022\/06\/DSC_0291-scaled.jpg\">Opgaver til Pinse<\/a><\/div>\n\n\n\n<div style=\"height:8px\" aria-hidden=\"true\" class=\"wp-block-spacer\"><\/div>\n\n\n\n<hr class=\"wp-block-separator has-alpha-channel-opacity\"\/>\n\n\n\n<p style=\"font-size:24px\"><strong>Fotos til brug for B\u00f8rnetjenesten til Pinse.<\/strong><\/p>\n\n\n\n<p>Til anvendelse ved hver af de tre h\u00f8jtider stiller vi nogle fotos til r\u00e5dighed som supplement til dem som kan hentes hos B\u00f8rnetjenesten. De kan downloades herunder.<\/p>\n\n\n\n<p>Billederne kan frit og gratis anvendes indenfor kirkelige aktiviteter &#8230;&#8230;.<\/p>\n\n\n\n<figure class=\"wp-block-image size-full is-resized\"><img loading=\"lazy\" decoding=\"async\" src=\"https:\/\/henriklaustsen.dk\/wp-content\/uploads\/2022\/07\/Pinse_Overview_Small-e1658758186784.jpg\" alt=\"Fotos til Pinse\" class=\"wp-image-152\" width=\"846\" height=\"171\" srcset=\"https:\/\/henriklaustsen.dk\/wp-content\/uploads\/2022\/07\/Pinse_Overview_Small-e1658758186784.jpg 770w, https:\/\/henriklaustsen.dk\/wp-content\/uploads\/2022\/07\/Pinse_Overview_Small-e1658758186784-300x61.jpg 300w, https:\/\/henriklaustsen.dk\/wp-content\/uploads\/2022\/07\/Pinse_Overview_Small-e1658758186784-768x156.jpg 768w\" sizes=\"auto, (max-width: 846px) 100vw, 846px\" \/><figcaption>Eksempler p\u00e5 billeder til Pinse<\/figcaption><\/figure>\n\n\n\n<figure class=\"wp-block-gallery has-nested-images columns-default is-cropped wp-block-gallery-1 is-layout-flex wp-block-gallery-is-layout-flex\"><\/figure>\n\n\n\n<div class=\"wp-block-file\"><a id=\"wp-block-file--media-12911120-eb72-461f-873b-d43593cc09a5\" href=\"https:\/\/henriklaustsen.dk\/wp-content\/uploads\/2022\/05\/DSCF3505_DxO.zip\">Download billeder til Pinse<\/a><\/div>\n\n\n\n<div style=\"height:9px\" aria-hidden=\"true\" class=\"wp-block-spacer\"><\/div>\n\n\n\n<hr class=\"wp-block-separator has-alpha-channel-opacity\"\/>\n\n\n\n<div class=\"wp-block-buttons is-layout-flex wp-block-buttons-is-layout-flex\"><\/div>\n\n\n\n<div class=\"wp-block-buttons is-layout-flex wp-block-buttons-is-layout-flex\">\n<div class=\"wp-block-button\"><a class=\"wp-block-button__link has-background\" href=\"https:\/\/henriklaustsen.dk\/?page_id=124\" style=\"background-color:#b9259e\">Jul<\/a><\/div>\n\n\n\n<div class=\"wp-block-button\"><a class=\"wp-block-button__link has-background\" href=\"https:\/\/henriklaustsen.dk\/?page_id=117\" style=\"background-color:#5dcf51\">P\u00e5ske<\/a><\/div>\n\n\n\n<div class=\"wp-block-button\"><a class=\"wp-block-button__link has-background\" href=\"https:\/\/henriklaustsen.dk\/?page_id=101\" style=\"background-color:#33cc8c\">Top<\/a><\/div>\n<\/div>\n\n\n\n<div class=\"wp-block-columns is-layout-flex wp-container-core-columns-is-layout-9d6595d7 wp-block-columns-is-layout-flex\">\n<div class=\"wp-block-column is-layout-flow wp-block-column-is-layout-flow\">\n<div class=\"wp-block-buttons is-layout-flex wp-block-buttons-is-layout-flex\">\n<div class=\"wp-block-button\"><a class=\"wp-block-button__link has-medium-gray-background-color has-background\" href=\"https:\/\/henriklaustsen.dk\/?page_id=98\" style=\"border-radius:0px\">Forside<\/a><\/div>\n<\/div>\n<\/div>\n\n\n\n<div class=\"wp-block-column is-layout-flow wp-block-column-is-layout-flow\">\n<div class=\"wp-block-buttons is-layout-flex wp-block-buttons-is-layout-flex\">\n<div class=\"wp-block-button\"><a class=\"wp-block-button__link has-medium-gray-background-color has-background\" href=\"https:\/\/henriklaustsen.dk\/?page_id=143\" style=\"border-radius:0px\">Kontakt<\/a><\/div>\n<\/div>\n<\/div>\n<\/div>\n\n\n\n<div class=\"wp-block-group\"><div class=\"wp-block-group__inner-container is-layout-flow wp-block-group-is-layout-flow\"><\/div><\/div>\n\n\n\n<div class=\"wp-block-group is-vertical is-layout-flex wp-container-core-group-is-layout-8cf370e7 wp-block-group-is-layout-flex\"><\/div>\n","protected":false},"excerpt":{"rendered":"<p>Banneret er af typen &#8220;Roll-Up&#8221; og kan derfor st\u00e5 af sig selv. Det er 85 cm bredt og 200 cm<\/p>\n<p><a href=\"https:\/\/henriklaustsen.dk\/?page_id=101\" class=\"more-link\">Continue reading<span class=\"screen-reader-text\">Pinsebanner<\/span><\/a><\/p>\n","protected":false},"author":1,"featured_media":0,"parent":98,"menu_order":0,"comment_status":"closed","ping_status":"closed","template":"templates\/full-width-page.php","meta":{"footnotes":""},"class_list":["post-101","page","type-page","status-publish","hentry"],"_links":{"self":[{"href":"https:\/\/henriklaustsen.dk\/index.php?rest_route=\/wp\/v2\/pages\/101","targetHints":{"allow":["GET"]}}],"collection":[{"href":"https:\/\/henriklaustsen.dk\/index.php?rest_route=\/wp\/v2\/pages"}],"about":[{"href":"https:\/\/henriklaustsen.dk\/index.php?rest_route=\/wp\/v2\/types\/page"}],"author":[{"embeddable":true,"href":"https:\/\/henriklaustsen.dk\/index.php?rest_route=\/wp\/v2\/users\/1"}],"replies":[{"embeddable":true,"href":"https:\/\/henriklaustsen.dk\/index.php?rest_route=%2Fwp%2Fv2%2Fcomments&post=101"}],"version-history":[{"count":30,"href":"https:\/\/henriklaustsen.dk\/index.php?rest_route=\/wp\/v2\/pages\/101\/revisions"}],"predecessor-version":[{"id":211,"href":"https:\/\/henriklaustsen.dk\/index.php?rest_route=\/wp\/v2\/pages\/101\/revisions\/211"}],"up":[{"embeddable":true,"href":"https:\/\/henriklaustsen.dk\/index.php?rest_route=\/wp\/v2\/pages\/98"}],"wp:attachment":[{"href":"https:\/\/henriklaustsen.dk\/index.php?rest_route=%2Fwp%2Fv2%2Fmedia&parent=101"}],"curies":[{"name":"wp","href":"https:\/\/api.w.org\/{rel}","templated":true}]}}